{"id":21,"date":"2014-10-24T02:10:00","date_gmt":"2014-10-24T02:10:00","guid":{"rendered":"http:\/\/tufino.gob.ec\/carchi\/?page_id=21"},"modified":"2020-06-17T09:59:03","modified_gmt":"2020-06-17T13:59:03","slug":"ultimas-noticias","status":"publish","type":"page","link":"https:\/\/tufino.gob.ec\/carchi\/ultimas-noticias\/","title":{"rendered":"Ultimas Noticias"},"content":{"rendered":"\t\t<div data-elementor-type=\"wp-page\" data-elementor-id=\"21\" class=\"elementor elementor-21\" data-elementor-settings=\"[]\">\n\t\t\t<div class=\"elementor-inner\">\n\t\t\t\t<div class=\"elementor-section-wrap\">\n\t\t\t\t\t\t\t<section class=\"elementor-element elementor-element-e2ae6b3 elementor-section-boxed elementor-section-height-default elementor-section-height-default elementor-section elementor-top-section\" data-id=\"e2ae6b3\" data-element_type=\"section\">\n\t\t\t\t\t\t<div class=\"elementor-container elementor-column-gap-default\">\n\t\t\t\t<div class=\"elementor-row\">\n\t\t\t\t<div class=\"elementor-element elementor-element-10687e7 elementor-column elementor-col-100 elementor-top-column\" data-id=\"10687e7\" data-element_type=\"column\">\n\t\t\t<div class=\"elementor-column-wrap  elementor-element-populated\">\n\t\t\t\t\t<div class=\"elementor-widget-wrap\">\n\t\t\t\t<div class=\"elementor-element elementor-element-b844c69 elementor-grid-3 elementor-grid-tablet-2 elementor-grid-mobile-1 elementor-posts--thumbnail-top elementor-card-shadow-yes elementor-posts__hover-gradient elementor-widget elementor-widget-posts\" data-id=\"b844c69\" data-element_type=\"widget\" data-settings=\"{&quot;cards_columns&quot;:&quot;3&quot;,&quot;cards_columns_tablet&quot;:&quot;2&quot;,&quot;cards_columns_mobile&quot;:&quot;1&quot;,&quot;cards_row_gap&quot;:{&quot;unit&quot;:&quot;px&quot;,&quot;size&quot;:35,&quot;sizes&quot;:[]}}\" data-widget_type=\"posts.cards\">\n\t\t\t\t<div class=\"elementor-widget-container\">\n\t\t\t\t\t<div class=\"elementor-posts-container elementor-posts elementor-posts--skin-cards elementor-grid\">\n\t\t\t\t<article class=\"elementor-post elementor-grid-item post-161 post type-post status-publish format-standard hentry category-c36-ultimas-noticias\">\n\t\t\t<div class=\"elementor-post__card\">\n\t\t\t\t<div class=\"elementor-post__text\">\n\t\t\t\t<h3 class=\"elementor-post__title\">\n\t\t\t<a href=\"https:\/\/tufino.gob.ec\/carchi\/asamblea-general-de-pueblo-en-la-parroquia-tufino\/\" >\n\t\t\t\tASAMBLEA GENERAL DE PUEBLO EN LA PARROQUIA TUFI\u00d1O\t\t\t<\/a>\n\t\t<\/h3>\n\t\t\t\t<div class=\"elementor-post__excerpt\">\n\t\t\t<p>En la paroquia Tufi\u00f1o se realiz\u00f3 la Asamblea generalde Pueblo para\u00a0 analizar,discutir y aprobar la reforma al presupuesto participativo del a\u00f1o 2014 con la presencia<\/p>\n\t\t<\/div>\n\t\t\t\t\t<a class=\"elementor-post__read-more\" href=\"https:\/\/tufino.gob.ec\/carchi\/asamblea-general-de-pueblo-en-la-parroquia-tufino\/\" >\n\t\t\t\tleer m\u00e1s \u00bb\t\t\t<\/a>\n\t\t\t\t<\/div>\n\t\t\t\t<div class=\"elementor-post__meta-data\">\n\t\t\t\t\t<span class=\"elementor-post-date\">\n\t\t\t14 agosto, 2014\t\t<\/span>\n\t\t\t\t<\/div>\n\t\t\t\t\t<\/div>\n\t\t<\/article>\n\t\t\t\t<article class=\"elementor-post elementor-grid-item post-158 post type-post status-publish format-standard has-post-thumbnail hentry category-s6-noticias category-c36-ultimas-noticias\">\n\t\t\t<div class=\"elementor-post__card\">\n\t\t\t\t<a class=\"elementor-post__thumbnail__link\" href=\"https:\/\/tufino.gob.ec\/carchi\/actividad-sismica\/\" >\n\t\t\t<div class=\"elementor-post__thumbnail\"><img loading=\"lazy\" decoding=\"async\" width=\"550\" height=\"309\" src=\"https:\/\/tufino.gob.ec\/carchi\/wp-content\/uploads\/2013\/10\/20180819_130935_001-550x309.jpg\" class=\"attachment-medium size-medium\" alt=\"\" srcset=\"https:\/\/tufino.gob.ec\/carchi\/wp-content\/uploads\/2013\/10\/20180819_130935_001-550x309.jpg 550w, https:\/\/tufino.gob.ec\/carchi\/wp-content\/uploads\/2013\/10\/20180819_130935_001-768x432.jpg 768w, https:\/\/tufino.gob.ec\/carchi\/wp-content\/uploads\/2013\/10\/20180819_130935_001.jpg 1024w\" sizes=\"auto, (max-width: 550px) 100vw, 550px\" \/><\/div>\n\t\t<\/a>\n\t\t\t\t<div class=\"elementor-post__text\">\n\t\t\t\t<h3 class=\"elementor-post__title\">\n\t\t\t<a href=\"https:\/\/tufino.gob.ec\/carchi\/actividad-sismica\/\" >\n\t\t\t\tACTIVIDAD SISMICA\t\t\t<\/a>\n\t\t<\/h3>\n\t\t\t\t<div class=\"elementor-post__excerpt\">\n\t\t\t<p>Debido a la inusual actividad s\u00edsmica que se ha presentado en la Parroquia y sus comunidades; se han realizado los acercamientos con las instituciones competentes<\/p>\n\t\t<\/div>\n\t\t\t\t\t<a class=\"elementor-post__read-more\" href=\"https:\/\/tufino.gob.ec\/carchi\/actividad-sismica\/\" >\n\t\t\t\tleer m\u00e1s \u00bb\t\t\t<\/a>\n\t\t\t\t<\/div>\n\t\t\t\t<div class=\"elementor-post__meta-data\">\n\t\t\t\t\t<span class=\"elementor-post-date\">\n\t\t\t9 octubre, 2013\t\t<\/span>\n\t\t\t\t<\/div>\n\t\t\t\t\t<\/div>\n\t\t<\/article>\n\t\t\t\t<article class=\"elementor-post elementor-grid-item post-156 post type-post status-publish format-standard has-post-thumbnail hentry category-c36-ultimas-noticias\">\n\t\t\t<div class=\"elementor-post__card\">\n\t\t\t\t<a class=\"elementor-post__thumbnail__link\" href=\"https:\/\/tufino.gob.ec\/carchi\/volcan-chiles\/\" >\n\t\t\t<div class=\"elementor-post__thumbnail\"><img loading=\"lazy\" decoding=\"async\" width=\"300\" height=\"120\" src=\"https:\/\/tufino.gob.ec\/carchi\/wp-content\/uploads\/2011\/10\/noti3-300x120.jpg\" class=\"attachment-medium size-medium\" alt=\"noti3\" srcset=\"https:\/\/tufino.gob.ec\/carchi\/wp-content\/uploads\/2011\/10\/noti3-300x120.jpg 300w, https:\/\/tufino.gob.ec\/carchi\/wp-content\/uploads\/2011\/10\/noti3.jpg 650w\" sizes=\"auto, (max-width: 300px) 100vw, 300px\" \/><\/div>\n\t\t<\/a>\n\t\t\t\t<div class=\"elementor-post__text\">\n\t\t\t\t<h3 class=\"elementor-post__title\">\n\t\t\t<a href=\"https:\/\/tufino.gob.ec\/carchi\/volcan-chiles\/\" >\n\t\t\t\tVolc\u00e1n Chiles\t\t\t<\/a>\n\t\t<\/h3>\n\t\t\t\t<div class=\"elementor-post__excerpt\">\n\t\t\t<p>El Volc\u00e1n Chiles se ubica en el l\u00edmite entre Ecuador y Colombia, pertenece a un ramal volc\u00e1nico con los picos Cerro Negro, Cumbal y Azufral.<\/p>\n\t\t<\/div>\n\t\t\t\t\t<a class=\"elementor-post__read-more\" href=\"https:\/\/tufino.gob.ec\/carchi\/volcan-chiles\/\" >\n\t\t\t\tleer m\u00e1s \u00bb\t\t\t<\/a>\n\t\t\t\t<\/div>\n\t\t\t\t<div class=\"elementor-post__meta-data\">\n\t\t\t\t\t<span class=\"elementor-post-date\">\n\t\t\t12 octubre, 2011\t\t<\/span>\n\t\t\t\t<\/div>\n\t\t\t\t\t<\/div>\n\t\t<\/article>\n\t\t\t\t<article class=\"elementor-post elementor-grid-item post-154 post type-post status-publish format-standard has-post-thumbnail hentry category-c36-ultimas-noticias\">\n\t\t\t<div class=\"elementor-post__card\">\n\t\t\t\t<a class=\"elementor-post__thumbnail__link\" href=\"https:\/\/tufino.gob.ec\/carchi\/lagunas-verdes\/\" >\n\t\t\t<div class=\"elementor-post__thumbnail\"><img loading=\"lazy\" decoding=\"async\" width=\"300\" height=\"120\" src=\"https:\/\/tufino.gob.ec\/carchi\/wp-content\/uploads\/2011\/10\/noti1-300x120.jpg\" class=\"attachment-medium size-medium\" alt=\"noti1\" srcset=\"https:\/\/tufino.gob.ec\/carchi\/wp-content\/uploads\/2011\/10\/noti1-300x120.jpg 300w, https:\/\/tufino.gob.ec\/carchi\/wp-content\/uploads\/2011\/10\/noti1.jpg 650w\" sizes=\"auto, (max-width: 300px) 100vw, 300px\" \/><\/div>\n\t\t<\/a>\n\t\t\t\t<div class=\"elementor-post__text\">\n\t\t\t\t<h3 class=\"elementor-post__title\">\n\t\t\t<a href=\"https:\/\/tufino.gob.ec\/carchi\/lagunas-verdes\/\" >\n\t\t\t\tLagunas Verdes\t\t\t<\/a>\n\t\t<\/h3>\n\t\t\t\t<div class=\"elementor-post__excerpt\">\n\t\t\t<p>Llamadas as\u00ed por la coloraci\u00f3n verdosa de sus aguas, debido a la mezcla de azufre que brota de los suelos que circundan el Volc\u00e1n Chiles.<\/p>\n\t\t<\/div>\n\t\t\t\t\t<a class=\"elementor-post__read-more\" href=\"https:\/\/tufino.gob.ec\/carchi\/lagunas-verdes\/\" >\n\t\t\t\tleer m\u00e1s \u00bb\t\t\t<\/a>\n\t\t\t\t<\/div>\n\t\t\t\t<div class=\"elementor-post__meta-data\">\n\t\t\t\t\t<span class=\"elementor-post-date\">\n\t\t\t12 octubre, 2011\t\t<\/span>\n\t\t\t\t<\/div>\n\t\t\t\t\t<\/div>\n\t\t<\/article>\n\t\t\t\t<article class=\"elementor-post elementor-grid-item post-152 post type-post status-publish format-standard has-post-thumbnail hentry category-c36-ultimas-noticias\">\n\t\t\t<div class=\"elementor-post__card\">\n\t\t\t\t<a class=\"elementor-post__thumbnail__link\" href=\"https:\/\/tufino.gob.ec\/carchi\/complejo-ecoturistico-aguas-hediondas\/\" >\n\t\t\t<div class=\"elementor-post__thumbnail\"><img loading=\"lazy\" decoding=\"async\" width=\"300\" height=\"120\" src=\"https:\/\/tufino.gob.ec\/carchi\/wp-content\/uploads\/2011\/10\/noti2-300x120.jpg\" class=\"attachment-medium size-medium\" alt=\"noti2\" srcset=\"https:\/\/tufino.gob.ec\/carchi\/wp-content\/uploads\/2011\/10\/noti2-300x120.jpg 300w, https:\/\/tufino.gob.ec\/carchi\/wp-content\/uploads\/2011\/10\/noti2.jpg 650w\" sizes=\"auto, (max-width: 300px) 100vw, 300px\" \/><\/div>\n\t\t<\/a>\n\t\t\t\t<div class=\"elementor-post__text\">\n\t\t\t\t<h3 class=\"elementor-post__title\">\n\t\t\t<a href=\"https:\/\/tufino.gob.ec\/carchi\/complejo-ecoturistico-aguas-hediondas\/\" >\n\t\t\t\tComplejo Ecotur\u00edstico Aguas Hediondas\t\t\t<\/a>\n\t\t<\/h3>\n\t\t\t\t<div class=\"elementor-post__excerpt\">\n\t\t\t<p>Ubicado a 27 Km. de la ciudad de Tulc\u00e1n y a 7 Km. de Tufi\u00f1o, a 3450 msnm; es un balneario moderno con dise\u00f1os nuevos<\/p>\n\t\t<\/div>\n\t\t\t\t\t<a class=\"elementor-post__read-more\" href=\"https:\/\/tufino.gob.ec\/carchi\/complejo-ecoturistico-aguas-hediondas\/\" >\n\t\t\t\tleer m\u00e1s \u00bb\t\t\t<\/a>\n\t\t\t\t<\/div>\n\t\t\t\t<div class=\"elementor-post__meta-data\">\n\t\t\t\t\t<span class=\"elementor-post-date\">\n\t\t\t12 octubre, 2011\t\t<\/span>\n\t\t\t\t<\/div>\n\t\t\t\t\t<\/div>\n\t\t<\/article>\n\t\t\t\t<article class=\"elementor-post elementor-grid-item post-150 post type-post status-publish format-standard hentry category-sin-categoria\">\n\t\t\t<div class=\"elementor-post__card\">\n\t\t\t\t<div class=\"elementor-post__text\">\n\t\t\t\t<h3 class=\"elementor-post__title\">\n\t\t\t<a href=\"https:\/\/tufino.gob.ec\/carchi\/curiosidades\/\" >\n\t\t\t\tCuriosidades\t\t\t<\/a>\n\t\t<\/h3>\n\t\t\t\t<div class=\"elementor-post__excerpt\">\n\t\t\t<p>Curiosidades<\/p>\n\t\t<\/div>\n\t\t\t\t\t<a class=\"elementor-post__read-more\" href=\"https:\/\/tufino.gob.ec\/carchi\/curiosidades\/\" >\n\t\t\t\tleer m\u00e1s \u00bb\t\t\t<\/a>\n\t\t\t\t<\/div>\n\t\t\t\t<div class=\"elementor-post__meta-data\">\n\t\t\t\t\t<span class=\"elementor-post-date\">\n\t\t\t4 octubre, 2011\t\t<\/span>\n\t\t\t\t<\/div>\n\t\t\t\t\t<\/div>\n\t\t<\/article>\n\t\t\t\t<\/div>\n\t\t\t\t<\/div>\n\t\t\t\t<\/div>\n\t\t\t\t\t\t<\/div>\n\t\t\t<\/div>\n\t\t<\/div>\n\t\t\t\t\t\t<\/div>\n\t\t\t<\/div>\n\t\t<\/section>\n\t\t\t\t\t\t<\/div>\n\t\t\t<\/div>\n\t\t<\/div>\n\t\t","protected":false},"excerpt":{"rendered":"Curiosidades","protected":false},"author":1,"featured_media":0,"parent":0,"menu_order":0,"comment_status":"closed","ping_status":"open","template":"","meta":{"footnotes":""},"class_list":["post-21","page","type-page","status-publish","hentry"],"yoast_head":"<!-- This site is optimized with the Yoast SEO plugin v24.1 - https:\/\/yoast.com\/wordpress\/plugins\/seo\/ -->\n<title>Ultimas Noticias - GAD parroquial Tufi\u00f1o<\/title>\n<meta name=\"robots\" content=\"index, follow, max-snippet:-1, max-image-preview:large, max-video-preview:-1\" \/>\n<link rel=\"canonical\" href=\"https:\/\/tufino.gob.ec\/carchi\/ultimas-noticias\/\" \/>\n<meta property=\"og:locale\" content=\"es_ES\" \/>\n<meta property=\"og:type\" content=\"article\" \/>\n<meta property=\"og:title\" content=\"Ultimas Noticias - GAD parroquial Tufi\u00f1o\" \/>\n<meta property=\"og:url\" content=\"https:\/\/tufino.gob.ec\/carchi\/ultimas-noticias\/\" \/>\n<meta property=\"og:site_name\" content=\"GAD parroquial Tufi\u00f1o\" \/>\n<meta property=\"article:modified_time\" content=\"2020-06-17T13:59:03+00:00\" \/>\n<meta name=\"twitter:card\" content=\"summary_large_image\" \/>\n<script type=\"application\/ld+json\" class=\"yoast-schema-graph\">{\"@context\":\"https:\/\/schema.org\",\"@graph\":[{\"@type\":\"WebPage\",\"@id\":\"https:\/\/tufino.gob.ec\/carchi\/ultimas-noticias\/\",\"url\":\"https:\/\/tufino.gob.ec\/carchi\/ultimas-noticias\/\",\"name\":\"Ultimas Noticias - GAD parroquial Tufi\u00f1o\",\"isPartOf\":{\"@id\":\"https:\/\/tufino.gob.ec\/carchi\/#website\"},\"datePublished\":\"2014-10-24T02:10:00+00:00\",\"dateModified\":\"2020-06-17T13:59:03+00:00\",\"breadcrumb\":{\"@id\":\"https:\/\/tufino.gob.ec\/carchi\/ultimas-noticias\/#breadcrumb\"},\"inLanguage\":\"es\",\"potentialAction\":[{\"@type\":\"ReadAction\",\"target\":[\"https:\/\/tufino.gob.ec\/carchi\/ultimas-noticias\/\"]}]},{\"@type\":\"BreadcrumbList\",\"@id\":\"https:\/\/tufino.gob.ec\/carchi\/ultimas-noticias\/#breadcrumb\",\"itemListElement\":[{\"@type\":\"ListItem\",\"position\":1,\"name\":\"Home\",\"item\":\"https:\/\/tufino.gob.ec\/carchi\/\"},{\"@type\":\"ListItem\",\"position\":2,\"name\":\"Ultimas Noticias\"}]},{\"@type\":\"WebSite\",\"@id\":\"https:\/\/tufino.gob.ec\/carchi\/#website\",\"url\":\"https:\/\/tufino.gob.ec\/carchi\/\",\"name\":\"GAD Parroquial de Tufi\u00f1o Carchi\",\"description\":\"Sitio Oficial del GAD Parroquial Tufi\u00f1o Carchi\",\"publisher\":{\"@id\":\"https:\/\/tufino.gob.ec\/carchi\/#organization\"},\"potentialAction\":[{\"@type\":\"SearchAction\",\"target\":{\"@type\":\"EntryPoint\",\"urlTemplate\":\"https:\/\/tufino.gob.ec\/carchi\/?s={search_term_string}\"},\"query-input\":{\"@type\":\"PropertyValueSpecification\",\"valueRequired\":true,\"valueName\":\"search_term_string\"}}],\"inLanguage\":\"es\"},{\"@type\":\"Organization\",\"@id\":\"https:\/\/tufino.gob.ec\/carchi\/#organization\",\"name\":\"GAD Tufi\u00f1o\",\"url\":\"https:\/\/tufino.gob.ec\/carchi\/\",\"logo\":{\"@type\":\"ImageObject\",\"inLanguage\":\"es\",\"@id\":\"https:\/\/tufino.gob.ec\/carchi\/#\/schema\/logo\/image\/\",\"url\":\"https:\/\/tufino.gob.ec\/carchi\/wp-content\/uploads\/2020\/06\/Escudo.jpg\",\"contentUrl\":\"https:\/\/tufino.gob.ec\/carchi\/wp-content\/uploads\/2020\/06\/Escudo.jpg\",\"width\":327,\"height\":365,\"caption\":\"GAD Tufi\u00f1o\"},\"image\":{\"@id\":\"https:\/\/tufino.gob.ec\/carchi\/#\/schema\/logo\/image\/\"}}]}<\/script>\n<!-- \/ Yoast SEO plugin. -->","yoast_head_json":{"title":"Ultimas Noticias - GAD parroquial Tufi\u00f1o","robots":{"index":"index","follow":"follow","max-snippet":"max-snippet:-1","max-image-preview":"max-image-preview:large","max-video-preview":"max-video-preview:-1"},"canonical":"https:\/\/tufino.gob.ec\/carchi\/ultimas-noticias\/","og_locale":"es_ES","og_type":"article","og_title":"Ultimas Noticias - GAD parroquial Tufi\u00f1o","og_url":"https:\/\/tufino.gob.ec\/carchi\/ultimas-noticias\/","og_site_name":"GAD parroquial Tufi\u00f1o","article_modified_time":"2020-06-17T13:59:03+00:00","twitter_card":"summary_large_image","schema":{"@context":"https:\/\/schema.org","@graph":[{"@type":"WebPage","@id":"https:\/\/tufino.gob.ec\/carchi\/ultimas-noticias\/","url":"https:\/\/tufino.gob.ec\/carchi\/ultimas-noticias\/","name":"Ultimas Noticias - GAD parroquial Tufi\u00f1o","isPartOf":{"@id":"https:\/\/tufino.gob.ec\/carchi\/#website"},"datePublished":"2014-10-24T02:10:00+00:00","dateModified":"2020-06-17T13:59:03+00:00","breadcrumb":{"@id":"https:\/\/tufino.gob.ec\/carchi\/ultimas-noticias\/#breadcrumb"},"inLanguage":"es","potentialAction":[{"@type":"ReadAction","target":["https:\/\/tufino.gob.ec\/carchi\/ultimas-noticias\/"]}]},{"@type":"BreadcrumbList","@id":"https:\/\/tufino.gob.ec\/carchi\/ultimas-noticias\/#breadcrumb","itemListElement":[{"@type":"ListItem","position":1,"name":"Home","item":"https:\/\/tufino.gob.ec\/carchi\/"},{"@type":"ListItem","position":2,"name":"Ultimas Noticias"}]},{"@type":"WebSite","@id":"https:\/\/tufino.gob.ec\/carchi\/#website","url":"https:\/\/tufino.gob.ec\/carchi\/","name":"GAD Parroquial de Tufi\u00f1o Carchi","description":"Sitio Oficial del GAD Parroquial Tufi\u00f1o Carchi","publisher":{"@id":"https:\/\/tufino.gob.ec\/carchi\/#organization"},"potentialAction":[{"@type":"SearchAction","target":{"@type":"EntryPoint","urlTemplate":"https:\/\/tufino.gob.ec\/carchi\/?s={search_term_string}"},"query-input":{"@type":"PropertyValueSpecification","valueRequired":true,"valueName":"search_term_string"}}],"inLanguage":"es"},{"@type":"Organization","@id":"https:\/\/tufino.gob.ec\/carchi\/#organization","name":"GAD Tufi\u00f1o","url":"https:\/\/tufino.gob.ec\/carchi\/","logo":{"@type":"ImageObject","inLanguage":"es","@id":"https:\/\/tufino.gob.ec\/carchi\/#\/schema\/logo\/image\/","url":"https:\/\/tufino.gob.ec\/carchi\/wp-content\/uploads\/2020\/06\/Escudo.jpg","contentUrl":"https:\/\/tufino.gob.ec\/carchi\/wp-content\/uploads\/2020\/06\/Escudo.jpg","width":327,"height":365,"caption":"GAD Tufi\u00f1o"},"image":{"@id":"https:\/\/tufino.gob.ec\/carchi\/#\/schema\/logo\/image\/"}}]}},"_links":{"self":[{"href":"https:\/\/tufino.gob.ec\/carchi\/wp-json\/wp\/v2\/pages\/21","targetHints":{"allow":["GET"]}}],"collection":[{"href":"https:\/\/tufino.gob.ec\/carchi\/wp-json\/wp\/v2\/pages"}],"about":[{"href":"https:\/\/tufino.gob.ec\/carchi\/wp-json\/wp\/v2\/types\/page"}],"author":[{"embeddable":true,"href":"https:\/\/tufino.gob.ec\/carchi\/wp-json\/wp\/v2\/users\/1"}],"replies":[{"embeddable":true,"href":"https:\/\/tufino.gob.ec\/carchi\/wp-json\/wp\/v2\/comments?post=21"}],"version-history":[{"count":2,"href":"https:\/\/tufino.gob.ec\/carchi\/wp-json\/wp\/v2\/pages\/21\/revisions"}],"predecessor-version":[{"id":752,"href":"https:\/\/tufino.gob.ec\/carchi\/wp-json\/wp\/v2\/pages\/21\/revisions\/752"}],"wp:attachment":[{"href":"https:\/\/tufino.gob.ec\/carchi\/wp-json\/wp\/v2\/media?parent=21"}],"curies":[{"name":"wp","href":"https:\/\/api.w.org\/{rel}","templated":true}]}}