{"id":356,"date":"2018-02-05T12:58:33","date_gmt":"2018-02-05T16:58:33","guid":{"rendered":"http:\/\/tufino.gob.ec\/carchi\/?page_id=356"},"modified":"2018-02-05T23:48:21","modified_gmt":"2018-02-06T03:48:21","slug":"fases-2","status":"publish","type":"page","link":"https:\/\/tufino.gob.ec\/carchi\/fases-2\/","title":{"rendered":"Fases"},"content":{"rendered":"[vc_row][vc_column][vc_accordion collapsible=&#8221;&#8221; disable_keyboard=&#8221;&#8221;][vc_accordion_tab title=&#8221;FASES DE LA RENDICION DE CUENTAS&#8221;][vc_wp_text]Click en la fase a consultar<\/p>\n[\/vc_wp_text][\/vc_accordion_tab][vc_accordion_tab title=&#8221;Fase 1&#8243;][vc_wp_text]\n<h3>FASE 1:<\/h3>\n<ul>\n<li>\n<h3>Mapeo de actores<\/h3>\n<\/li>\n<\/ul>\n<p>&nbsp;<\/p>\n<ul>\n<li>\n<h3>Consulta<\/h3>\n<\/li>\n<\/ul>\n<p>&nbsp;<\/p>\n<ul>\n<li>\n<h3>Entrega de temas al GAD<\/h3>\n<\/li>\n<\/ul>\n<p>&nbsp;<\/p>\n[\/vc_wp_text][\/vc_accordion_tab][vc_accordion_tab title=&#8221;Fase 2&#8243;][vc_wp_text]\n<h3>FASE 2:<\/h3>\n<ul>\n<li>\n<h3>Seguimiento a la entrega del informe a la ciudadan\u00eda<\/h3>\n<\/li>\n<\/ul>\n<p>&nbsp;<\/p>\n[\/vc_wp_text][\/vc_accordion_tab][vc_accordion_tab title=&#8221;Fase 3&#8243;][vc_wp_text]\n<h3>FASE 3:<\/h3>\n<ul>\n<li>\n<h3>Evaluaci\u00f3n ciudadana al informe de rendici\u00f3n de cuentas<\/h3>\n<\/li>\n<\/ul>\n<p>&nbsp;<\/p>\n<ul>\n<li>\n<h3>Seguimiento al proceso de convocatoria a la deliberaci\u00f3n p\u00fablica<\/h3>\n<\/li>\n<\/ul>\n<p>&nbsp;<\/p>\n<ul>\n<li>\n<h3>Participaci\u00f3n en la deliberaci\u00f3n p\u00fablica<\/h3>\n<\/li>\n<\/ul>\n<p>&nbsp;<\/p>\n<ul>\n<li>\n<h3>Mesas de Trabajo<\/h3>\n<\/li>\n<\/ul>\n[\/vc_wp_text][\/vc_accordion_tab][vc_accordion_tab title=&#8221;Fase 4&#8243;][vc_wp_text]\n<h3>FASE 4:<\/h3>\n<ul>\n<li>\n<h3>Seguimiento a la incorporaci\u00f3n de la opini\u00f3n ciudadana<\/h3>\n<\/li>\n<\/ul>\n<p>&nbsp;<\/p>\n[\/vc_wp_text][\/vc_accordion_tab][\/vc_accordion][vc_column_text][\/vc_column_text][\/vc_column][\/vc_row]\n","protected":false},"excerpt":{"rendered":"<p>[vc_row][vc_column][vc_accordion collapsible=&#8221;&#8221; disable_keyboard=&#8221;&#8221;][vc_accordion_tab title=&#8221;FASES DE LA RENDICION DE CUENTAS&#8221;][vc_wp_text]Click en la fase a consultar [\/vc_wp_text][\/vc_accordion_tab][vc_accordion_tab title=&#8221;Fase 1&#8243;][vc_wp_text] FASE 1: Mapeo de actores &nbsp; Consulta &nbsp; Entrega de temas al GAD &nbsp; [\/vc_wp_text][\/vc_accordion_tab][vc_accordion_tab title=&#8221;Fase 2&#8243;][vc_wp_text] FASE 2: Seguimiento a la entrega del informe a la ciudadan\u00eda &nbsp; [\/vc_wp_text][\/vc_accordion_tab][vc_accordion_tab title=&#8221;Fase 3&#8243;][vc_wp_text] FASE 3: Evaluaci\u00f3n ciudadana al informe [&hellip;]<\/p>\n","protected":false},"author":4,"featured_media":0,"parent":0,"menu_order":0,"comment_status":"closed","ping_status":"closed","template":"","meta":{"footnotes":""},"class_list":["post-356","page","type-page","status-publish","hentry"],"yoast_head":"<!-- This site is optimized with the Yoast SEO plugin v24.1 - https:\/\/yoast.com\/wordpress\/plugins\/seo\/ -->\n<title>Fases - GAD parroquial Tufi\u00f1o<\/title>\n<meta name=\"robots\" content=\"index, follow, max-snippet:-1, max-image-preview:large, max-video-preview:-1\" \/>\n<link rel=\"canonical\" href=\"https:\/\/tufino.gob.ec\/carchi\/fases-2\/\" \/>\n<meta property=\"og:locale\" content=\"es_ES\" \/>\n<meta property=\"og:type\" content=\"article\" \/>\n<meta property=\"og:title\" content=\"Fases - GAD parroquial Tufi\u00f1o\" \/>\n<meta property=\"og:description\" content=\"[vc_row][vc_column][vc_accordion collapsible=&#8221;&#8221; disable_keyboard=&#8221;&#8221;][vc_accordion_tab title=&#8221;FASES DE LA RENDICION DE CUENTAS&#8221;][vc_wp_text]Click en la fase a consultar [\/vc_wp_text][\/vc_accordion_tab][vc_accordion_tab title=&#8221;Fase 1&#8243;][vc_wp_text] FASE 1: Mapeo de actores &nbsp; Consulta &nbsp; Entrega de temas al GAD &nbsp; [\/vc_wp_text][\/vc_accordion_tab][vc_accordion_tab title=&#8221;Fase 2&#8243;][vc_wp_text] FASE 2: Seguimiento a la entrega del informe a la ciudadan\u00eda &nbsp; [\/vc_wp_text][\/vc_accordion_tab][vc_accordion_tab title=&#8221;Fase 3&#8243;][vc_wp_text] FASE 3: Evaluaci\u00f3n ciudadana al informe [&hellip;]\" \/>\n<meta property=\"og:url\" content=\"https:\/\/tufino.gob.ec\/carchi\/fases-2\/\" \/>\n<meta property=\"og:site_name\" content=\"GAD parroquial Tufi\u00f1o\" \/>\n<meta property=\"article:modified_time\" content=\"2018-02-06T03:48:21+00:00\" \/>\n<meta name=\"twitter:card\" content=\"summary_large_image\" \/>\n<meta name=\"twitter:label1\" content=\"Tiempo de lectura\" \/>\n\t<meta name=\"twitter:data1\" content=\"1 minuto\" \/>\n<script type=\"application\/ld+json\" class=\"yoast-schema-graph\">{\"@context\":\"https:\/\/schema.org\",\"@graph\":[{\"@type\":\"WebPage\",\"@id\":\"https:\/\/tufino.gob.ec\/carchi\/fases-2\/\",\"url\":\"https:\/\/tufino.gob.ec\/carchi\/fases-2\/\",\"name\":\"Fases - GAD parroquial Tufi\u00f1o\",\"isPartOf\":{\"@id\":\"https:\/\/tufino.gob.ec\/carchi\/#website\"},\"datePublished\":\"2018-02-05T16:58:33+00:00\",\"dateModified\":\"2018-02-06T03:48:21+00:00\",\"breadcrumb\":{\"@id\":\"https:\/\/tufino.gob.ec\/carchi\/fases-2\/#breadcrumb\"},\"inLanguage\":\"es\",\"potentialAction\":[{\"@type\":\"ReadAction\",\"target\":[\"https:\/\/tufino.gob.ec\/carchi\/fases-2\/\"]}]},{\"@type\":\"BreadcrumbList\",\"@id\":\"https:\/\/tufino.gob.ec\/carchi\/fases-2\/#breadcrumb\",\"itemListElement\":[{\"@type\":\"ListItem\",\"position\":1,\"name\":\"Home\",\"item\":\"https:\/\/tufino.gob.ec\/carchi\/\"},{\"@type\":\"ListItem\",\"position\":2,\"name\":\"Fases\"}]},{\"@type\":\"WebSite\",\"@id\":\"https:\/\/tufino.gob.ec\/carchi\/#website\",\"url\":\"https:\/\/tufino.gob.ec\/carchi\/\",\"name\":\"GAD Parroquial de Tufi\u00f1o Carchi\",\"description\":\"Sitio Oficial del GAD Parroquial Tufi\u00f1o Carchi\",\"publisher\":{\"@id\":\"https:\/\/tufino.gob.ec\/carchi\/#organization\"},\"potentialAction\":[{\"@type\":\"SearchAction\",\"target\":{\"@type\":\"EntryPoint\",\"urlTemplate\":\"https:\/\/tufino.gob.ec\/carchi\/?s={search_term_string}\"},\"query-input\":{\"@type\":\"PropertyValueSpecification\",\"valueRequired\":true,\"valueName\":\"search_term_string\"}}],\"inLanguage\":\"es\"},{\"@type\":\"Organization\",\"@id\":\"https:\/\/tufino.gob.ec\/carchi\/#organization\",\"name\":\"GAD Tufi\u00f1o\",\"url\":\"https:\/\/tufino.gob.ec\/carchi\/\",\"logo\":{\"@type\":\"ImageObject\",\"inLanguage\":\"es\",\"@id\":\"https:\/\/tufino.gob.ec\/carchi\/#\/schema\/logo\/image\/\",\"url\":\"https:\/\/tufino.gob.ec\/carchi\/wp-content\/uploads\/2020\/06\/Escudo.jpg\",\"contentUrl\":\"https:\/\/tufino.gob.ec\/carchi\/wp-content\/uploads\/2020\/06\/Escudo.jpg\",\"width\":327,\"height\":365,\"caption\":\"GAD Tufi\u00f1o\"},\"image\":{\"@id\":\"https:\/\/tufino.gob.ec\/carchi\/#\/schema\/logo\/image\/\"}}]}<\/script>\n<!-- \/ Yoast SEO plugin. -->","yoast_head_json":{"title":"Fases - GAD parroquial Tufi\u00f1o","robots":{"index":"index","follow":"follow","max-snippet":"max-snippet:-1","max-image-preview":"max-image-preview:large","max-video-preview":"max-video-preview:-1"},"canonical":"https:\/\/tufino.gob.ec\/carchi\/fases-2\/","og_locale":"es_ES","og_type":"article","og_title":"Fases - GAD parroquial Tufi\u00f1o","og_description":"[vc_row][vc_column][vc_accordion collapsible=&#8221;&#8221; disable_keyboard=&#8221;&#8221;][vc_accordion_tab title=&#8221;FASES DE LA RENDICION DE CUENTAS&#8221;][vc_wp_text]Click en la fase a consultar [\/vc_wp_text][\/vc_accordion_tab][vc_accordion_tab title=&#8221;Fase 1&#8243;][vc_wp_text] FASE 1: Mapeo de actores &nbsp; Consulta &nbsp; Entrega de temas al GAD &nbsp; [\/vc_wp_text][\/vc_accordion_tab][vc_accordion_tab title=&#8221;Fase 2&#8243;][vc_wp_text] FASE 2: Seguimiento a la entrega del informe a la ciudadan\u00eda &nbsp; [\/vc_wp_text][\/vc_accordion_tab][vc_accordion_tab title=&#8221;Fase 3&#8243;][vc_wp_text] FASE 3: Evaluaci\u00f3n ciudadana al informe [&hellip;]","og_url":"https:\/\/tufino.gob.ec\/carchi\/fases-2\/","og_site_name":"GAD parroquial Tufi\u00f1o","article_modified_time":"2018-02-06T03:48:21+00:00","twitter_card":"summary_large_image","twitter_misc":{"Tiempo de lectura":"1 minuto"},"schema":{"@context":"https:\/\/schema.org","@graph":[{"@type":"WebPage","@id":"https:\/\/tufino.gob.ec\/carchi\/fases-2\/","url":"https:\/\/tufino.gob.ec\/carchi\/fases-2\/","name":"Fases - GAD parroquial Tufi\u00f1o","isPartOf":{"@id":"https:\/\/tufino.gob.ec\/carchi\/#website"},"datePublished":"2018-02-05T16:58:33+00:00","dateModified":"2018-02-06T03:48:21+00:00","breadcrumb":{"@id":"https:\/\/tufino.gob.ec\/carchi\/fases-2\/#breadcrumb"},"inLanguage":"es","potentialAction":[{"@type":"ReadAction","target":["https:\/\/tufino.gob.ec\/carchi\/fases-2\/"]}]},{"@type":"BreadcrumbList","@id":"https:\/\/tufino.gob.ec\/carchi\/fases-2\/#breadcrumb","itemListElement":[{"@type":"ListItem","position":1,"name":"Home","item":"https:\/\/tufino.gob.ec\/carchi\/"},{"@type":"ListItem","position":2,"name":"Fases"}]},{"@type":"WebSite","@id":"https:\/\/tufino.gob.ec\/carchi\/#website","url":"https:\/\/tufino.gob.ec\/carchi\/","name":"GAD Parroquial de Tufi\u00f1o Carchi","description":"Sitio Oficial del GAD Parroquial Tufi\u00f1o Carchi","publisher":{"@id":"https:\/\/tufino.gob.ec\/carchi\/#organization"},"potentialAction":[{"@type":"SearchAction","target":{"@type":"EntryPoint","urlTemplate":"https:\/\/tufino.gob.ec\/carchi\/?s={search_term_string}"},"query-input":{"@type":"PropertyValueSpecification","valueRequired":true,"valueName":"search_term_string"}}],"inLanguage":"es"},{"@type":"Organization","@id":"https:\/\/tufino.gob.ec\/carchi\/#organization","name":"GAD Tufi\u00f1o","url":"https:\/\/tufino.gob.ec\/carchi\/","logo":{"@type":"ImageObject","inLanguage":"es","@id":"https:\/\/tufino.gob.ec\/carchi\/#\/schema\/logo\/image\/","url":"https:\/\/tufino.gob.ec\/carchi\/wp-content\/uploads\/2020\/06\/Escudo.jpg","contentUrl":"https:\/\/tufino.gob.ec\/carchi\/wp-content\/uploads\/2020\/06\/Escudo.jpg","width":327,"height":365,"caption":"GAD Tufi\u00f1o"},"image":{"@id":"https:\/\/tufino.gob.ec\/carchi\/#\/schema\/logo\/image\/"}}]}},"_links":{"self":[{"href":"https:\/\/tufino.gob.ec\/carchi\/wp-json\/wp\/v2\/pages\/356","targetHints":{"allow":["GET"]}}],"collection":[{"href":"https:\/\/tufino.gob.ec\/carchi\/wp-json\/wp\/v2\/pages"}],"about":[{"href":"https:\/\/tufino.gob.ec\/carchi\/wp-json\/wp\/v2\/types\/page"}],"author":[{"embeddable":true,"href":"https:\/\/tufino.gob.ec\/carchi\/wp-json\/wp\/v2\/users\/4"}],"replies":[{"embeddable":true,"href":"https:\/\/tufino.gob.ec\/carchi\/wp-json\/wp\/v2\/comments?post=356"}],"version-history":[{"count":2,"href":"https:\/\/tufino.gob.ec\/carchi\/wp-json\/wp\/v2\/pages\/356\/revisions"}],"predecessor-version":[{"id":380,"href":"https:\/\/tufino.gob.ec\/carchi\/wp-json\/wp\/v2\/pages\/356\/revisions\/380"}],"wp:attachment":[{"href":"https:\/\/tufino.gob.ec\/carchi\/wp-json\/wp\/v2\/media?parent=356"}],"curies":[{"name":"wp","href":"https:\/\/api.w.org\/{rel}","templated":true}]}}